{"id":8182,"date":"2023-12-08T13:16:42","date_gmt":"2023-12-08T12:16:42","guid":{"rendered":"https:\/\/oplift.ch\/oil-course-contact-form\/"},"modified":"2024-05-02T14:39:53","modified_gmt":"2024-05-02T12:39:53","slug":"oil-course-contact-form","status":"publish","type":"page","link":"https:\/\/oplift.ch\/en\/oil-course-contact-form\/","title":{"rendered":"Oil course Contact form"},"content":{"rendered":"\t\t<div data-elementor-type=\"wp-page\" data-elementor-id=\"8182\" class=\"elementor elementor-8182 elementor-6492\">\n\t\t\t\t\t\t<section class=\"elementor-section elementor-top-section elementor-element elementor-element-8ee5c9a elementor-section-boxed elementor-section-height-default elementor-section-height-default\" data-id=\"8ee5c9a\" data-element_type=\"section\" data-e-type=\"section\">\n\t\t\t\t\t\t<div class=\"elementor-container elementor-column-gap-default\">\n\t\t\t\t\t<div class=\"elementor-column elementor-col-100 elementor-top-column elementor-element elementor-element-db626d6\" data-id=\"db626d6\" data-element_type=\"column\" data-e-type=\"column\">\n\t\t\t<div class=\"elementor-widget-wrap elementor-element-populated\">\n\t\t\t\t\t\t<div class=\"elementor-element elementor-element-51099fc elementor-widget elementor-widget-freyja-contactform\" data-id=\"51099fc\" data-element_type=\"widget\" data-e-type=\"widget\" data-widget_type=\"freyja-contactform.default\">\n\t\t\t\t<div class=\"elementor-widget-container\">\n\t\t\t\t\t\n<div class=\"wpcf7 no-js\" id=\"wpcf7-f6487-o1\" lang=\"de-DE\" dir=\"ltr\" data-wpcf7-id=\"6487\">\n<div class=\"screen-reader-response\"><p role=\"status\" aria-live=\"polite\" aria-atomic=\"true\"><\/p> <ul><\/ul><\/div>\n<form action=\"\/en\/wp-json\/wp\/v2\/pages\/8182#wpcf7-f6487-o1\" method=\"post\" class=\"wpcf7-form init\" aria-label=\"Kontaktformular\" novalidate=\"novalidate\" data-status=\"init\">\n<fieldset class=\"hidden-fields-container\"><input type=\"hidden\" name=\"_wpcf7\" value=\"6487\" \/><input type=\"hidden\" name=\"_wpcf7_version\" value=\"6.1.5\" \/><input type=\"hidden\" name=\"_wpcf7_locale\" value=\"de_DE\" \/><input type=\"hidden\" name=\"_wpcf7_unit_tag\" value=\"wpcf7-f6487-o1\" \/><input type=\"hidden\" name=\"_wpcf7_container_post\" value=\"0\" \/><input type=\"hidden\" name=\"_wpcf7_posted_data_hash\" value=\"\" \/>\n<\/fieldset>\n<p><label> Dein Name<br \/>\n<span class=\"wpcf7-form-control-wrap\" data-name=\"your-name\"><input size=\"40\" maxlength=\"400\" class=\"wpcf7-form-control wpcf7-text wpcf7-validates-as-required\" autocomplete=\"name\" aria-required=\"true\" aria-invalid=\"false\" value=\"\" type=\"text\" name=\"your-name\" \/><\/span> <\/label>\n<\/p>\n<p><label> Deine Email Adresse<br \/>\n<span class=\"wpcf7-form-control-wrap\" data-name=\"your-email\"><input size=\"40\" maxlength=\"400\" class=\"wpcf7-form-control wpcf7-email wpcf7-validates-as-required wpcf7-text wpcf7-validates-as-email\" autocomplete=\"email\" aria-required=\"true\" aria-invalid=\"false\" value=\"\" type=\"email\" name=\"your-email\" \/><\/span> <\/label>\n<\/p>\n<p><label> \u00d6lkurs<br \/>\n<span class=\"wpcf7-form-control-wrap\" data-name=\"your-subject\"><input size=\"40\" maxlength=\"400\" class=\"wpcf7-form-control wpcf7-text wpcf7-validates-as-required\" aria-required=\"true\" aria-invalid=\"false\" value=\"\" type=\"text\" name=\"your-subject\" \/><\/span> <\/label>\n<\/p>\n<p><label> Ich geh\u00f6re zur \u014cplift Community und m\u00f6chte gerne in die geschlossene Telegram Gruppe f\u00fcr den \u00d6lkurs aufgenommen werden.<br \/>\n<span class=\"wpcf7-form-control-wrap\" data-name=\"your-message\"><textarea cols=\"40\" rows=\"10\" maxlength=\"2000\" class=\"wpcf7-form-control wpcf7-textarea\" aria-invalid=\"false\" name=\"your-message\"><\/textarea><\/span> <\/label>\n<\/p>\n<p><input class=\"wpcf7-form-control wpcf7-submit has-spinner\" type=\"submit\" value=\"Senden\" \/>\n<\/p><input type='hidden' class='wpcf7-pum' value='{\"closepopup\":false,\"closedelay\":0,\"openpopup\":false,\"openpopup_id\":0}' \/><div class=\"wpcf7-response-output\" aria-hidden=\"true\"><\/div>\n<\/form>\n<\/div>\n\t\t\t\t<\/div>\n\t\t\t\t<\/div>\n\t\t\t\t\t<\/div>\n\t\t<\/div>\n\t\t\t\t\t<\/div>\n\t\t<\/section>\n\t\t\t\t<\/div>\n\t\t","protected":false},"excerpt":{"rendered":"<p>Dein Name Deine Email Adresse \u00d6lkurs Ich geh\u00f6re zur \u014cplift Community und m\u00f6chte gerne in die geschlossene Telegram Gruppe f\u00fcr den \u00d6lkurs aufgenommen werden.<\/p>\n","protected":false},"author":3,"featured_media":0,"parent":0,"menu_order":0,"comment_status":"closed","ping_status":"closed","template":"","meta":{"footnotes":""},"class_list":["post-8182","page","type-page","status-publish","hentry"],"yoast_head":"<!-- This site is optimized with the Yoast SEO Premium plugin v21.2 (Yoast SEO v26.9) - https:\/\/yoast.com\/product\/yoast-seo-premium-wordpress\/ -->\n<title>Oil course Contact form - Oplift<\/title>\n<meta name=\"description\" content=\"Contact form for our 8 week oil course We will send Webinars to you via email Contact us to get more information\" \/>\n<meta name=\"robots\" content=\"index, follow, max-snippet:-1, max-image-preview:large, max-video-preview:-1\" \/>\n<link rel=\"canonical\" href=\"https:\/\/oplift.ch\/en\/oil-course-contact-form\/\" \/>\n<meta property=\"og:locale\" content=\"en_US\" \/>\n<meta property=\"og:type\" content=\"article\" \/>\n<meta property=\"og:title\" content=\"Oil course Contact form\" \/>\n<meta property=\"og:description\" content=\"Contact form for our 8 week oil course We will send Webinars to you via email Contact us to get more information\" \/>\n<meta property=\"og:url\" content=\"https:\/\/oplift.ch\/en\/oil-course-contact-form\/\" \/>\n<meta property=\"og:site_name\" content=\"Oplift\" \/>\n<meta property=\"article:modified_time\" content=\"2024-05-02T12:39:53+00:00\" \/>\n<meta name=\"twitter:card\" content=\"summary_large_image\" \/>\n<script type=\"application\/ld+json\" class=\"yoast-schema-graph\">{\"@context\":\"https:\/\/schema.org\",\"@graph\":[{\"@type\":\"WebPage\",\"@id\":\"https:\/\/oplift.ch\/en\/oil-course-contact-form\/\",\"url\":\"https:\/\/oplift.ch\/en\/oil-course-contact-form\/\",\"name\":\"Oil course Contact form - Oplift\",\"isPartOf\":{\"@id\":\"https:\/\/oplift.ch\/en\/#website\"},\"datePublished\":\"2023-12-08T12:16:42+00:00\",\"dateModified\":\"2024-05-02T12:39:53+00:00\",\"description\":\"Contact form for our 8 week oil course We will send Webinars to you via email Contact us to get more information\",\"breadcrumb\":{\"@id\":\"https:\/\/oplift.ch\/en\/oil-course-contact-form\/#breadcrumb\"},\"inLanguage\":\"en-US\",\"potentialAction\":[{\"@type\":\"ReadAction\",\"target\":[\"https:\/\/oplift.ch\/en\/oil-course-contact-form\/\"]}]},{\"@type\":\"BreadcrumbList\",\"@id\":\"https:\/\/oplift.ch\/en\/oil-course-contact-form\/#breadcrumb\",\"itemListElement\":[{\"@type\":\"ListItem\",\"position\":1,\"name\":\"Home\",\"item\":\"https:\/\/oplift.ch\/en\/\"},{\"@type\":\"ListItem\",\"position\":2,\"name\":\"Oil course Contact form\"}]},{\"@type\":\"WebSite\",\"@id\":\"https:\/\/oplift.ch\/en\/#website\",\"url\":\"https:\/\/oplift.ch\/en\/\",\"name\":\"Oplift\",\"description\":\"Ganzheitliches Wohlbefinden mit \u00e4therischen \u00d6len\",\"publisher\":{\"@id\":\"https:\/\/oplift.ch\/en\/#organization\"},\"potentialAction\":[{\"@type\":\"SearchAction\",\"target\":{\"@type\":\"EntryPoint\",\"urlTemplate\":\"https:\/\/oplift.ch\/en\/?s={search_term_string}\"},\"query-input\":{\"@type\":\"PropertyValueSpecification\",\"valueRequired\":true,\"valueName\":\"search_term_string\"}}],\"inLanguage\":\"en-US\"},{\"@type\":\"Organization\",\"@id\":\"https:\/\/oplift.ch\/en\/#organization\",\"name\":\"Oplift\",\"url\":\"https:\/\/oplift.ch\/en\/\",\"logo\":{\"@type\":\"ImageObject\",\"inLanguage\":\"en-US\",\"@id\":\"https:\/\/oplift.ch\/en\/#\/schema\/logo\/image\/\",\"url\":\"https:\/\/oplift.ch\/wp-content\/uploads\/2023\/03\/cropped-cropped-Oplift-Logo.png\",\"contentUrl\":\"https:\/\/oplift.ch\/wp-content\/uploads\/2023\/03\/cropped-cropped-Oplift-Logo.png\",\"width\":417,\"height\":417,\"caption\":\"Oplift\"},\"image\":{\"@id\":\"https:\/\/oplift.ch\/en\/#\/schema\/logo\/image\/\"},\"sameAs\":[\"https:\/\/www.instagram.com\/natural_mom.ch\",\"https:\/\/www.instagram.com\/hroots1.3\",\"https:\/\/www.instagram.com\/my_quint_essenz\"]}]}<\/script>\n<!-- \/ Yoast SEO Premium plugin. -->","yoast_head_json":{"title":"Oil course Contact form - Oplift","description":"Contact form for our 8 week oil course We will send Webinars to you via email Contact us to get more information","robots":{"index":"index","follow":"follow","max-snippet":"max-snippet:-1","max-image-preview":"max-image-preview:large","max-video-preview":"max-video-preview:-1"},"canonical":"https:\/\/oplift.ch\/en\/oil-course-contact-form\/","og_locale":"en_US","og_type":"article","og_title":"Oil course Contact form","og_description":"Contact form for our 8 week oil course We will send Webinars to you via email Contact us to get more information","og_url":"https:\/\/oplift.ch\/en\/oil-course-contact-form\/","og_site_name":"Oplift","article_modified_time":"2024-05-02T12:39:53+00:00","twitter_card":"summary_large_image","schema":{"@context":"https:\/\/schema.org","@graph":[{"@type":"WebPage","@id":"https:\/\/oplift.ch\/en\/oil-course-contact-form\/","url":"https:\/\/oplift.ch\/en\/oil-course-contact-form\/","name":"Oil course Contact form - Oplift","isPartOf":{"@id":"https:\/\/oplift.ch\/en\/#website"},"datePublished":"2023-12-08T12:16:42+00:00","dateModified":"2024-05-02T12:39:53+00:00","description":"Contact form for our 8 week oil course We will send Webinars to you via email Contact us to get more information","breadcrumb":{"@id":"https:\/\/oplift.ch\/en\/oil-course-contact-form\/#breadcrumb"},"inLanguage":"en-US","potentialAction":[{"@type":"ReadAction","target":["https:\/\/oplift.ch\/en\/oil-course-contact-form\/"]}]},{"@type":"BreadcrumbList","@id":"https:\/\/oplift.ch\/en\/oil-course-contact-form\/#breadcrumb","itemListElement":[{"@type":"ListItem","position":1,"name":"Home","item":"https:\/\/oplift.ch\/en\/"},{"@type":"ListItem","position":2,"name":"Oil course Contact form"}]},{"@type":"WebSite","@id":"https:\/\/oplift.ch\/en\/#website","url":"https:\/\/oplift.ch\/en\/","name":"Oplift","description":"Ganzheitliches Wohlbefinden mit \u00e4therischen \u00d6len","publisher":{"@id":"https:\/\/oplift.ch\/en\/#organization"},"potentialAction":[{"@type":"SearchAction","target":{"@type":"EntryPoint","urlTemplate":"https:\/\/oplift.ch\/en\/?s={search_term_string}"},"query-input":{"@type":"PropertyValueSpecification","valueRequired":true,"valueName":"search_term_string"}}],"inLanguage":"en-US"},{"@type":"Organization","@id":"https:\/\/oplift.ch\/en\/#organization","name":"Oplift","url":"https:\/\/oplift.ch\/en\/","logo":{"@type":"ImageObject","inLanguage":"en-US","@id":"https:\/\/oplift.ch\/en\/#\/schema\/logo\/image\/","url":"https:\/\/oplift.ch\/wp-content\/uploads\/2023\/03\/cropped-cropped-Oplift-Logo.png","contentUrl":"https:\/\/oplift.ch\/wp-content\/uploads\/2023\/03\/cropped-cropped-Oplift-Logo.png","width":417,"height":417,"caption":"Oplift"},"image":{"@id":"https:\/\/oplift.ch\/en\/#\/schema\/logo\/image\/"},"sameAs":["https:\/\/www.instagram.com\/natural_mom.ch","https:\/\/www.instagram.com\/hroots1.3","https:\/\/www.instagram.com\/my_quint_essenz"]}]}},"jetpack_sharing_enabled":true,"_links":{"self":[{"href":"https:\/\/oplift.ch\/en\/wp-json\/wp\/v2\/pages\/8182","targetHints":{"allow":["GET"]}}],"collection":[{"href":"https:\/\/oplift.ch\/en\/wp-json\/wp\/v2\/pages"}],"about":[{"href":"https:\/\/oplift.ch\/en\/wp-json\/wp\/v2\/types\/page"}],"author":[{"embeddable":true,"href":"https:\/\/oplift.ch\/en\/wp-json\/wp\/v2\/users\/3"}],"replies":[{"embeddable":true,"href":"https:\/\/oplift.ch\/en\/wp-json\/wp\/v2\/comments?post=8182"}],"version-history":[{"count":1,"href":"https:\/\/oplift.ch\/en\/wp-json\/wp\/v2\/pages\/8182\/revisions"}],"predecessor-version":[{"id":8184,"href":"https:\/\/oplift.ch\/en\/wp-json\/wp\/v2\/pages\/8182\/revisions\/8184"}],"wp:attachment":[{"href":"https:\/\/oplift.ch\/en\/wp-json\/wp\/v2\/media?parent=8182"}],"curies":[{"name":"wp","href":"https:\/\/api.w.org\/{rel}","templated":true}]}}