{"id":8167,"date":"2023-03-31T10:03:49","date_gmt":"2023-03-31T08:03:49","guid":{"rendered":"https:\/\/oplift.ch\/links-all-about-doterra\/"},"modified":"2024-08-12T18:20:16","modified_gmt":"2024-08-12T16:20:16","slug":"links-all-about-doterra","status":"publish","type":"page","link":"https:\/\/oplift.ch\/en\/links-all-about-doterra\/","title":{"rendered":"Links all about d\u014dTERRA"},"content":{"rendered":"","protected":true},"excerpt":{"rendered":"","protected":true},"author":3,"featured_media":0,"parent":0,"menu_order":0,"comment_status":"closed","ping_status":"closed","template":"","meta":{"footnotes":""},"class_list":["post-8167","page","type-page","status-publish","post-password-required","hentry"],"yoast_head":"<!-- This site is optimized with the Yoast SEO Premium plugin v21.2 (Yoast SEO v26.9) - https:\/\/yoast.com\/product\/yoast-seo-premium-wordpress\/ -->\n<title>Links all about d\u014dTERRA - Oplift<\/title>\n<meta name=\"description\" content=\"Links to start your d\u014dTERRA journey. Helpful links directly to the d\u014dTERRA website to help you with any questions you may have.\" \/>\n<meta name=\"robots\" content=\"index, follow, max-snippet:-1, max-image-preview:large, max-video-preview:-1\" \/>\n<link rel=\"canonical\" href=\"https:\/\/oplift.ch\/en\/links-all-about-doterra\/\" \/>\n<meta property=\"og:locale\" content=\"en_US\" \/>\n<meta property=\"og:type\" content=\"article\" \/>\n<meta property=\"og:title\" content=\"Links all about d\u014dTERRA\" \/>\n<meta property=\"og:description\" content=\"Links to start your d\u014dTERRA journey. Helpful links directly to the d\u014dTERRA website to help you with any questions you may have.\" \/>\n<meta property=\"og:url\" content=\"https:\/\/oplift.ch\/en\/links-all-about-doterra\/\" \/>\n<meta property=\"og:site_name\" content=\"Oplift\" \/>\n<meta property=\"article:modified_time\" content=\"2024-08-12T16:20:16+00:00\" \/>\n<meta name=\"twitter:card\" content=\"summary_large_image\" \/>\n<meta name=\"twitter:label1\" content=\"Est. reading time\" \/>\n\t<meta name=\"twitter:data1\" content=\"1 minute\" \/>\n<script type=\"application\/ld+json\" class=\"yoast-schema-graph\">{\"@context\":\"https:\/\/schema.org\",\"@graph\":[{\"@type\":\"WebPage\",\"@id\":\"https:\/\/oplift.ch\/en\/links-all-about-doterra\/\",\"url\":\"https:\/\/oplift.ch\/en\/links-all-about-doterra\/\",\"name\":\"Links all about d\u014dTERRA - Oplift\",\"isPartOf\":{\"@id\":\"https:\/\/oplift.ch\/en\/#website\"},\"datePublished\":\"2023-03-31T08:03:49+00:00\",\"dateModified\":\"2024-08-12T16:20:16+00:00\",\"breadcrumb\":{\"@id\":\"https:\/\/oplift.ch\/en\/links-all-about-doterra\/#breadcrumb\"},\"inLanguage\":\"en-US\"},{\"@type\":\"WebSite\",\"@id\":\"https:\/\/oplift.ch\/en\/#website\",\"url\":\"https:\/\/oplift.ch\/en\/\",\"name\":\"Oplift\",\"description\":\"Ganzheitliches Wohlbefinden mit \u00e4therischen \u00d6len\",\"publisher\":{\"@id\":\"https:\/\/oplift.ch\/en\/#organization\"},\"potentialAction\":[{\"@type\":\"SearchAction\",\"target\":{\"@type\":\"EntryPoint\",\"urlTemplate\":\"https:\/\/oplift.ch\/en\/?s={search_term_string}\"},\"query-input\":{\"@type\":\"PropertyValueSpecification\",\"valueRequired\":true,\"valueName\":\"search_term_string\"}}],\"inLanguage\":\"en-US\"},{\"@type\":\"Organization\",\"@id\":\"https:\/\/oplift.ch\/en\/#organization\",\"name\":\"Oplift\",\"url\":\"https:\/\/oplift.ch\/en\/\",\"logo\":{\"@type\":\"ImageObject\",\"inLanguage\":\"en-US\",\"@id\":\"https:\/\/oplift.ch\/en\/#\/schema\/logo\/image\/\",\"url\":\"https:\/\/oplift.ch\/wp-content\/uploads\/2023\/03\/cropped-cropped-Oplift-Logo.png\",\"contentUrl\":\"https:\/\/oplift.ch\/wp-content\/uploads\/2023\/03\/cropped-cropped-Oplift-Logo.png\",\"width\":417,\"height\":417,\"caption\":\"Oplift\"},\"image\":{\"@id\":\"https:\/\/oplift.ch\/en\/#\/schema\/logo\/image\/\"},\"sameAs\":[\"https:\/\/www.instagram.com\/natural_mom.ch\",\"https:\/\/www.instagram.com\/hroots1.3\",\"https:\/\/www.instagram.com\/my_quint_essenz\"]}]}<\/script>\n<!-- \/ Yoast SEO Premium plugin. -->","yoast_head_json":{"title":"Links all about d\u014dTERRA - Oplift","description":"Links to start your d\u014dTERRA journey. Helpful links directly to the d\u014dTERRA website to help you with any questions you may have.","robots":{"index":"index","follow":"follow","max-snippet":"max-snippet:-1","max-image-preview":"max-image-preview:large","max-video-preview":"max-video-preview:-1"},"canonical":"https:\/\/oplift.ch\/en\/links-all-about-doterra\/","og_locale":"en_US","og_type":"article","og_title":"Links all about d\u014dTERRA","og_description":"Links to start your d\u014dTERRA journey. Helpful links directly to the d\u014dTERRA website to help you with any questions you may have.","og_url":"https:\/\/oplift.ch\/en\/links-all-about-doterra\/","og_site_name":"Oplift","article_modified_time":"2024-08-12T16:20:16+00:00","twitter_card":"summary_large_image","twitter_misc":{"Est. reading time":"1 minute"},"schema":{"@context":"https:\/\/schema.org","@graph":[{"@type":"WebPage","@id":"https:\/\/oplift.ch\/en\/links-all-about-doterra\/","url":"https:\/\/oplift.ch\/en\/links-all-about-doterra\/","name":"Links all about d\u014dTERRA - Oplift","isPartOf":{"@id":"https:\/\/oplift.ch\/en\/#website"},"datePublished":"2023-03-31T08:03:49+00:00","dateModified":"2024-08-12T16:20:16+00:00","breadcrumb":{"@id":"https:\/\/oplift.ch\/en\/links-all-about-doterra\/#breadcrumb"},"inLanguage":"en-US"},{"@type":"WebSite","@id":"https:\/\/oplift.ch\/en\/#website","url":"https:\/\/oplift.ch\/en\/","name":"Oplift","description":"Ganzheitliches Wohlbefinden mit \u00e4therischen \u00d6len","publisher":{"@id":"https:\/\/oplift.ch\/en\/#organization"},"potentialAction":[{"@type":"SearchAction","target":{"@type":"EntryPoint","urlTemplate":"https:\/\/oplift.ch\/en\/?s={search_term_string}"},"query-input":{"@type":"PropertyValueSpecification","valueRequired":true,"valueName":"search_term_string"}}],"inLanguage":"en-US"},{"@type":"Organization","@id":"https:\/\/oplift.ch\/en\/#organization","name":"Oplift","url":"https:\/\/oplift.ch\/en\/","logo":{"@type":"ImageObject","inLanguage":"en-US","@id":"https:\/\/oplift.ch\/en\/#\/schema\/logo\/image\/","url":"https:\/\/oplift.ch\/wp-content\/uploads\/2023\/03\/cropped-cropped-Oplift-Logo.png","contentUrl":"https:\/\/oplift.ch\/wp-content\/uploads\/2023\/03\/cropped-cropped-Oplift-Logo.png","width":417,"height":417,"caption":"Oplift"},"image":{"@id":"https:\/\/oplift.ch\/en\/#\/schema\/logo\/image\/"},"sameAs":["https:\/\/www.instagram.com\/natural_mom.ch","https:\/\/www.instagram.com\/hroots1.3","https:\/\/www.instagram.com\/my_quint_essenz"]}]}},"jetpack_sharing_enabled":true,"_links":{"self":[{"href":"https:\/\/oplift.ch\/en\/wp-json\/wp\/v2\/pages\/8167","targetHints":{"allow":["GET"]}}],"collection":[{"href":"https:\/\/oplift.ch\/en\/wp-json\/wp\/v2\/pages"}],"about":[{"href":"https:\/\/oplift.ch\/en\/wp-json\/wp\/v2\/types\/page"}],"author":[{"embeddable":true,"href":"https:\/\/oplift.ch\/en\/wp-json\/wp\/v2\/users\/3"}],"replies":[{"embeddable":true,"href":"https:\/\/oplift.ch\/en\/wp-json\/wp\/v2\/comments?post=8167"}],"version-history":[{"count":40,"href":"https:\/\/oplift.ch\/en\/wp-json\/wp\/v2\/pages\/8167\/revisions"}],"predecessor-version":[{"id":9059,"href":"https:\/\/oplift.ch\/en\/wp-json\/wp\/v2\/pages\/8167\/revisions\/9059"}],"wp:attachment":[{"href":"https:\/\/oplift.ch\/en\/wp-json\/wp\/v2\/media?parent=8167"}],"curies":[{"name":"wp","href":"https:\/\/api.w.org\/{rel}","templated":true}]}}