{"id":7995,"date":"2023-03-12T20:13:29","date_gmt":"2023-03-12T19:13:29","guid":{"rendered":"https:\/\/oplift.ch\/offers\/"},"modified":"2024-04-30T13:22:14","modified_gmt":"2024-04-30T11:22:14","slug":"offers","status":"publish","type":"page","link":"https:\/\/oplift.ch\/en\/offers\/","title":{"rendered":"Offers"},"content":{"rendered":"\t\t<div data-elementor-type=\"wp-page\" data-elementor-id=\"7995\" class=\"elementor elementor-7995 elementor-3026\">\n\t\t\t\t\t\t<section class=\"elementor-section elementor-top-section elementor-element elementor-element-7cde686 elementor-section-boxed elementor-section-height-default elementor-section-height-default\" data-id=\"7cde686\" data-element_type=\"section\" data-e-type=\"section\">\n\t\t\t\t\t\t<div class=\"elementor-container elementor-column-gap-default\">\n\t\t\t\t\t<div class=\"elementor-column elementor-col-100 elementor-top-column elementor-element elementor-element-617b597\" data-id=\"617b597\" data-element_type=\"column\" data-e-type=\"column\">\n\t\t\t<div class=\"elementor-widget-wrap elementor-element-populated\">\n\t\t\t\t\t\t<div class=\"elementor-element elementor-element-4495769 sas-textaligncenter elementor-widget elementor-widget-freyja-title-section\" data-id=\"4495769\" data-element_type=\"widget\" data-e-type=\"widget\" data-widget_type=\"freyja-title-section.default\">\n\t\t\t\t<div class=\"elementor-widget-container\">\n\t\t\t\t\t<div class='vc_sparrow__cont_section_title center '>\t<img width='70' class='decoration_image' src=''>\t<h2 id='id-3438' class='title sas-line' style='color:#000000;'>Angebote<\/h2>\t<h6 class='subtitle' style='color:#000000;'>Als Teil der \u014cplift Community kostenlos profitieren<\/h6><\/div><style> #id-3438.sas-line:before, #id-3438.sas-line:after {border-top-color: #000000 !important ;}<\/style>\t\t\t\t<\/div>\n\t\t\t\t<\/div>\n\t\t\t\t\t<\/div>\n\t\t<\/div>\n\t\t\t\t\t<\/div>\n\t\t<\/section>\n\t\t\t\t<section class=\"elementor-section elementor-top-section elementor-element elementor-element-b302609 elementor-section-boxed elementor-section-height-default elementor-section-height-default\" data-id=\"b302609\" data-element_type=\"section\" data-e-type=\"section\">\n\t\t\t\t\t\t<div class=\"elementor-container elementor-column-gap-default\">\n\t\t\t\t\t<div class=\"elementor-column elementor-col-100 elementor-top-column elementor-element elementor-element-6e17196\" data-id=\"6e17196\" data-element_type=\"column\" data-e-type=\"column\">\n\t\t\t<div class=\"elementor-widget-wrap elementor-element-populated\">\n\t\t\t\t\t\t<div class=\"elementor-element elementor-element-efd3bab elementor-widget elementor-widget-text-editor\" data-id=\"efd3bab\" data-element_type=\"widget\" data-e-type=\"widget\" data-widget_type=\"text-editor.default\">\n\t\t\t\t<div class=\"elementor-widget-container\">\n\t\t\t\t\t\t\t\t\t<p>We look forward to welcoming you as a customer. Our heartfelt desire is to pass on our offers and knowledge to you so that you can use and enjoy your oils and d\u014dTERRA products with confidence and pleasure. For a powerful and natural lifestyle.<\/p>\n\t\t\t\t\t\t\t\t<\/div>\n\t\t\t\t<\/div>\n\t\t\t\t\t<\/div>\n\t\t<\/div>\n\t\t\t\t\t<\/div>\n\t\t<\/section>\n\t\t\t\t<section class=\"elementor-section elementor-top-section elementor-element elementor-element-9ba848e elementor-section-boxed elementor-section-height-default elementor-section-height-default\" data-id=\"9ba848e\" data-element_type=\"section\" data-e-type=\"section\">\n\t\t\t\t\t\t<div class=\"elementor-container elementor-column-gap-default\">\n\t\t\t\t\t<div class=\"elementor-column elementor-col-33 elementor-top-column elementor-element elementor-element-84e3412\" data-id=\"84e3412\" data-element_type=\"column\" data-e-type=\"column\">\n\t\t\t<div class=\"elementor-widget-wrap elementor-element-populated\">\n\t\t\t\t\t\t<div class=\"elementor-element elementor-element-e3f1b17 elementor-widget elementor-widget-freyja-promo-box\" data-id=\"e3f1b17\" data-element_type=\"widget\" data-e-type=\"widget\" data-widget_type=\"freyja-promo-box.default\">\n\t\t\t\t<div class=\"elementor-widget-container\">\n\t\t\t\t\t<div class='wrap_promo_box' style='background-image:url(https:\/\/oplift.ch\/wp-content\/uploads\/2023\/03\/diffuser-scaled.jpg)'>\t<div class='dark-overlay'><\/div>\t<a href='veranstaltungen' target='_self'>\t\t<div class='overlayBox'>\t\t\t<div class='promobox__desc'>\t\t\t\t<h5 class='title'>Veranstaltungen<\/h5>\t\t\t<\/div>\t\t<\/div>\t<\/a><\/div>\t\t\t\t<\/div>\n\t\t\t\t<\/div>\n\t\t\t\t\t<\/div>\n\t\t<\/div>\n\t\t\t\t<div class=\"elementor-column elementor-col-33 elementor-top-column elementor-element elementor-element-fa310b1\" data-id=\"fa310b1\" data-element_type=\"column\" data-e-type=\"column\">\n\t\t\t<div class=\"elementor-widget-wrap elementor-element-populated\">\n\t\t\t\t\t\t<div class=\"elementor-element elementor-element-5f29d75 elementor-widget elementor-widget-freyja-promo-box\" data-id=\"5f29d75\" data-element_type=\"widget\" data-e-type=\"widget\" data-widget_type=\"freyja-promo-box.default\">\n\t\t\t\t<div class=\"elementor-widget-container\">\n\t\t\t\t\t<div class='wrap_promo_box' style='background-image:url(https:\/\/oplift.ch\/wp-content\/uploads\/2023\/06\/Box-with-Rollers-and-Bottles.png)'>\t<div class='dark-overlay'><\/div>\t<a href='Link' target='_self'>\t\t<div class='overlayBox'>\t\t\t<div class='promobox__desc'>\t\t\t\t<h5 class='title'>\u00d6lkurs<\/h5>\t\t\t<\/div>\t\t<\/div>\t<\/a><\/div>\t\t\t\t<\/div>\n\t\t\t\t<\/div>\n\t\t\t\t\t<\/div>\n\t\t<\/div>\n\t\t\t\t<div class=\"elementor-column elementor-col-33 elementor-top-column elementor-element elementor-element-7449ba1\" data-id=\"7449ba1\" data-element_type=\"column\" data-e-type=\"column\">\n\t\t\t<div class=\"elementor-widget-wrap elementor-element-populated\">\n\t\t\t\t\t\t<div class=\"elementor-element elementor-element-61e2bdc elementor-widget elementor-widget-freyja-promo-box\" data-id=\"61e2bdc\" data-element_type=\"widget\" data-e-type=\"widget\" data-widget_type=\"freyja-promo-box.default\">\n\t\t\t\t<div class=\"elementor-widget-container\">\n\t\t\t\t\t<div class='wrap_promo_box' style='background-image:url(https:\/\/oplift.ch\/wp-content\/uploads\/2023\/08\/75.png)'>\t<div class='dark-overlay'><\/div>\t<a href='kontakt' target='_self'>\t\t<div class='overlayBox'>\t\t\t<div class='promobox__desc'>\t\t\t\t<h5 class='title'>Pers\u00f6nliche Beratung<\/h5>\t\t\t<\/div>\t\t<\/div>\t<\/a><\/div>\t\t\t\t<\/div>\n\t\t\t\t<\/div>\n\t\t\t\t\t<\/div>\n\t\t<\/div>\n\t\t\t\t\t<\/div>\n\t\t<\/section>\n\t\t\t\t<section class=\"elementor-section elementor-top-section elementor-element elementor-element-ab754ce elementor-section-boxed elementor-section-height-default elementor-section-height-default\" data-id=\"ab754ce\" data-element_type=\"section\" data-e-type=\"section\">\n\t\t\t\t\t\t<div class=\"elementor-container elementor-column-gap-default\">\n\t\t\t\t\t<div class=\"elementor-column elementor-col-50 elementor-top-column elementor-element elementor-element-0c90678\" data-id=\"0c90678\" data-element_type=\"column\" data-e-type=\"column\">\n\t\t\t<div class=\"elementor-widget-wrap elementor-element-populated\">\n\t\t\t\t\t\t<div class=\"elementor-element elementor-element-e3af4c7 elementor-widget elementor-widget-freyja-promo-box\" data-id=\"e3af4c7\" data-element_type=\"widget\" data-e-type=\"widget\" data-widget_type=\"freyja-promo-box.default\">\n\t\t\t\t<div class=\"elementor-widget-container\">\n\t\t\t\t\t<div class='wrap_promo_box' style='background-image:url(https:\/\/oplift.ch\/wp-content\/uploads\/2023\/06\/Webseite-breit-Trilogie-12.8-\u00d7-10.5-cm2-1.png)'>\t<div class='dark-overlay'><\/div>\t<a href='kundenbereich' target='_self'>\t\t<div class='overlayBox'>\t\t\t<div class='promobox__desc'>\t\t\t\t<h5 class='title'>Kundenbereich<\/h5>\t\t\t<\/div>\t\t<\/div>\t<\/a><\/div>\t\t\t\t<\/div>\n\t\t\t\t<\/div>\n\t\t\t\t\t<\/div>\n\t\t<\/div>\n\t\t\t\t<div class=\"elementor-column elementor-col-50 elementor-top-column elementor-element elementor-element-64a0a59\" data-id=\"64a0a59\" data-element_type=\"column\" data-e-type=\"column\">\n\t\t\t<div class=\"elementor-widget-wrap elementor-element-populated\">\n\t\t\t\t\t\t<div class=\"elementor-element elementor-element-917e5a3 elementor-widget elementor-widget-freyja-promo-box\" data-id=\"917e5a3\" data-element_type=\"widget\" data-e-type=\"widget\" data-widget_type=\"freyja-promo-box.default\">\n\t\t\t\t<div class=\"elementor-widget-container\">\n\t\t\t\t\t<div class='wrap_promo_box' style='background-image:url(https:\/\/oplift.ch\/wp-content\/uploads\/2023\/08\/Webseite-breit-schmaler-12.8-\u00d7-10.5-cm-1-1.png)'>\t<div class='dark-overlay'><\/div>\t<a href='https:\/\/t.me\/dtoils' target='_blank'>\t\t<div class='overlayBox'>\t\t\t<div class='promobox__desc'>\t\t\t\t<h5 class='title'>Telegram Kanal<\/h5>\t\t\t<\/div>\t\t<\/div>\t<\/a><\/div>\t\t\t\t<\/div>\n\t\t\t\t<\/div>\n\t\t\t\t\t<\/div>\n\t\t<\/div>\n\t\t\t\t\t<\/div>\n\t\t<\/section>\n\t\t\t\t<\/div>\n\t\t","protected":false},"excerpt":{"rendered":"<p>Angebote Als Teil der \u014cplift Community kostenlos profitieren We look forward to welcoming you as a customer. Our heartfelt desire is to pass on our offers and knowledge to you so that you can use and enjoy your oils and d\u014dTERRA products with confidence and pleasure. For a powerful and natural lifestyle. Veranstaltungen \u00d6lkurs Pers\u00f6nliche&#8230;<\/p>\n","protected":false},"author":3,"featured_media":0,"parent":0,"menu_order":0,"comment_status":"closed","ping_status":"closed","template":"","meta":{"footnotes":""},"class_list":["post-7995","page","type-page","status-publish","hentry"],"yoast_head":"<!-- This site is optimized with the Yoast SEO Premium plugin v21.2 (Yoast SEO v26.9) - https:\/\/yoast.com\/product\/yoast-seo-premium-wordpress\/ -->\n<title>Offers - Oplift<\/title>\n<meta name=\"robots\" content=\"index, follow, max-snippet:-1, max-image-preview:large, max-video-preview:-1\" \/>\n<link rel=\"canonical\" href=\"https:\/\/oplift.ch\/en\/offers\/\" \/>\n<meta property=\"og:locale\" content=\"en_US\" \/>\n<meta property=\"og:type\" content=\"article\" \/>\n<meta property=\"og:title\" content=\"Offers\" \/>\n<meta property=\"og:description\" content=\"Angebote Als Teil der \u014cplift Community kostenlos profitieren We look forward to welcoming you as a customer. Our heartfelt desire is to pass on our offers and knowledge to you so that you can use and enjoy your oils and d\u014dTERRA products with confidence and pleasure. For a powerful and natural lifestyle. Veranstaltungen \u00d6lkurs Pers\u00f6nliche...\" \/>\n<meta property=\"og:url\" content=\"https:\/\/oplift.ch\/en\/offers\/\" \/>\n<meta property=\"og:site_name\" content=\"Oplift\" \/>\n<meta property=\"article:modified_time\" content=\"2024-04-30T11:22:14+00:00\" \/>\n<meta name=\"twitter:card\" content=\"summary_large_image\" \/>\n<meta name=\"twitter:label1\" content=\"Est. reading time\" \/>\n\t<meta name=\"twitter:data1\" content=\"1 minute\" \/>\n<script type=\"application\/ld+json\" class=\"yoast-schema-graph\">{\"@context\":\"https:\/\/schema.org\",\"@graph\":[{\"@type\":\"WebPage\",\"@id\":\"https:\/\/oplift.ch\/en\/offers\/\",\"url\":\"https:\/\/oplift.ch\/en\/offers\/\",\"name\":\"Offers - Oplift\",\"isPartOf\":{\"@id\":\"https:\/\/oplift.ch\/en\/#website\"},\"datePublished\":\"2023-03-12T19:13:29+00:00\",\"dateModified\":\"2024-04-30T11:22:14+00:00\",\"breadcrumb\":{\"@id\":\"https:\/\/oplift.ch\/en\/offers\/#breadcrumb\"},\"inLanguage\":\"en-US\",\"potentialAction\":[{\"@type\":\"ReadAction\",\"target\":[\"https:\/\/oplift.ch\/en\/offers\/\"]}]},{\"@type\":\"BreadcrumbList\",\"@id\":\"https:\/\/oplift.ch\/en\/offers\/#breadcrumb\",\"itemListElement\":[{\"@type\":\"ListItem\",\"position\":1,\"name\":\"Home\",\"item\":\"https:\/\/oplift.ch\/en\/\"},{\"@type\":\"ListItem\",\"position\":2,\"name\":\"Offers\"}]},{\"@type\":\"WebSite\",\"@id\":\"https:\/\/oplift.ch\/en\/#website\",\"url\":\"https:\/\/oplift.ch\/en\/\",\"name\":\"Oplift\",\"description\":\"Ganzheitliches Wohlbefinden mit \u00e4therischen \u00d6len\",\"publisher\":{\"@id\":\"https:\/\/oplift.ch\/en\/#organization\"},\"potentialAction\":[{\"@type\":\"SearchAction\",\"target\":{\"@type\":\"EntryPoint\",\"urlTemplate\":\"https:\/\/oplift.ch\/en\/?s={search_term_string}\"},\"query-input\":{\"@type\":\"PropertyValueSpecification\",\"valueRequired\":true,\"valueName\":\"search_term_string\"}}],\"inLanguage\":\"en-US\"},{\"@type\":\"Organization\",\"@id\":\"https:\/\/oplift.ch\/en\/#organization\",\"name\":\"Oplift\",\"url\":\"https:\/\/oplift.ch\/en\/\",\"logo\":{\"@type\":\"ImageObject\",\"inLanguage\":\"en-US\",\"@id\":\"https:\/\/oplift.ch\/en\/#\/schema\/logo\/image\/\",\"url\":\"https:\/\/oplift.ch\/wp-content\/uploads\/2023\/03\/cropped-cropped-Oplift-Logo.png\",\"contentUrl\":\"https:\/\/oplift.ch\/wp-content\/uploads\/2023\/03\/cropped-cropped-Oplift-Logo.png\",\"width\":417,\"height\":417,\"caption\":\"Oplift\"},\"image\":{\"@id\":\"https:\/\/oplift.ch\/en\/#\/schema\/logo\/image\/\"},\"sameAs\":[\"https:\/\/www.instagram.com\/natural_mom.ch\",\"https:\/\/www.instagram.com\/hroots1.3\",\"https:\/\/www.instagram.com\/my_quint_essenz\"]}]}<\/script>\n<!-- \/ Yoast SEO Premium plugin. -->","yoast_head_json":{"title":"Offers - Oplift","robots":{"index":"index","follow":"follow","max-snippet":"max-snippet:-1","max-image-preview":"max-image-preview:large","max-video-preview":"max-video-preview:-1"},"canonical":"https:\/\/oplift.ch\/en\/offers\/","og_locale":"en_US","og_type":"article","og_title":"Offers","og_description":"Angebote Als Teil der \u014cplift Community kostenlos profitieren We look forward to welcoming you as a customer. Our heartfelt desire is to pass on our offers and knowledge to you so that you can use and enjoy your oils and d\u014dTERRA products with confidence and pleasure. For a powerful and natural lifestyle. Veranstaltungen \u00d6lkurs Pers\u00f6nliche...","og_url":"https:\/\/oplift.ch\/en\/offers\/","og_site_name":"Oplift","article_modified_time":"2024-04-30T11:22:14+00:00","twitter_card":"summary_large_image","twitter_misc":{"Est. reading time":"1 minute"},"schema":{"@context":"https:\/\/schema.org","@graph":[{"@type":"WebPage","@id":"https:\/\/oplift.ch\/en\/offers\/","url":"https:\/\/oplift.ch\/en\/offers\/","name":"Offers - Oplift","isPartOf":{"@id":"https:\/\/oplift.ch\/en\/#website"},"datePublished":"2023-03-12T19:13:29+00:00","dateModified":"2024-04-30T11:22:14+00:00","breadcrumb":{"@id":"https:\/\/oplift.ch\/en\/offers\/#breadcrumb"},"inLanguage":"en-US","potentialAction":[{"@type":"ReadAction","target":["https:\/\/oplift.ch\/en\/offers\/"]}]},{"@type":"BreadcrumbList","@id":"https:\/\/oplift.ch\/en\/offers\/#breadcrumb","itemListElement":[{"@type":"ListItem","position":1,"name":"Home","item":"https:\/\/oplift.ch\/en\/"},{"@type":"ListItem","position":2,"name":"Offers"}]},{"@type":"WebSite","@id":"https:\/\/oplift.ch\/en\/#website","url":"https:\/\/oplift.ch\/en\/","name":"Oplift","description":"Ganzheitliches Wohlbefinden mit \u00e4therischen \u00d6len","publisher":{"@id":"https:\/\/oplift.ch\/en\/#organization"},"potentialAction":[{"@type":"SearchAction","target":{"@type":"EntryPoint","urlTemplate":"https:\/\/oplift.ch\/en\/?s={search_term_string}"},"query-input":{"@type":"PropertyValueSpecification","valueRequired":true,"valueName":"search_term_string"}}],"inLanguage":"en-US"},{"@type":"Organization","@id":"https:\/\/oplift.ch\/en\/#organization","name":"Oplift","url":"https:\/\/oplift.ch\/en\/","logo":{"@type":"ImageObject","inLanguage":"en-US","@id":"https:\/\/oplift.ch\/en\/#\/schema\/logo\/image\/","url":"https:\/\/oplift.ch\/wp-content\/uploads\/2023\/03\/cropped-cropped-Oplift-Logo.png","contentUrl":"https:\/\/oplift.ch\/wp-content\/uploads\/2023\/03\/cropped-cropped-Oplift-Logo.png","width":417,"height":417,"caption":"Oplift"},"image":{"@id":"https:\/\/oplift.ch\/en\/#\/schema\/logo\/image\/"},"sameAs":["https:\/\/www.instagram.com\/natural_mom.ch","https:\/\/www.instagram.com\/hroots1.3","https:\/\/www.instagram.com\/my_quint_essenz"]}]}},"jetpack_sharing_enabled":true,"_links":{"self":[{"href":"https:\/\/oplift.ch\/en\/wp-json\/wp\/v2\/pages\/7995","targetHints":{"allow":["GET"]}}],"collection":[{"href":"https:\/\/oplift.ch\/en\/wp-json\/wp\/v2\/pages"}],"about":[{"href":"https:\/\/oplift.ch\/en\/wp-json\/wp\/v2\/types\/page"}],"author":[{"embeddable":true,"href":"https:\/\/oplift.ch\/en\/wp-json\/wp\/v2\/users\/3"}],"replies":[{"embeddable":true,"href":"https:\/\/oplift.ch\/en\/wp-json\/wp\/v2\/comments?post=7995"}],"version-history":[{"count":10,"href":"https:\/\/oplift.ch\/en\/wp-json\/wp\/v2\/pages\/7995\/revisions"}],"predecessor-version":[{"id":8126,"href":"https:\/\/oplift.ch\/en\/wp-json\/wp\/v2\/pages\/7995\/revisions\/8126"}],"wp:attachment":[{"href":"https:\/\/oplift.ch\/en\/wp-json\/wp\/v2\/media?parent=7995"}],"curies":[{"name":"wp","href":"https:\/\/api.w.org\/{rel}","templated":true}]}}